{"id":381,"date":"2020-06-22T10:57:44","date_gmt":"2020-06-22T08:57:44","guid":{"rendered":"https:\/\/www.herzog-gentzsch.de\/?page_id=381"},"modified":"2020-06-22T11:38:07","modified_gmt":"2020-06-22T09:38:07","slug":"dir_system","status":"publish","type":"page","link":"https:\/\/www.herzog-gentzsch.de\/?page_id=381","title":{"rendered":"dir_system"},"content":{"rendered":"\t<section class=\"section page-content\" id=\"section_1819334568\">\n\t\t<div class=\"bg section-bg fill bg-fill  bg-loaded\" >\n\n\t\t\t\n\t\t\t\n\t\t\t\n\n\t\t<\/div>\n\n\t\t<div class=\"section-content relative\">\n\t\t\t\n<div class=\"row no-padding\"  id=\"row-1918869633\">\n\n\t<div id=\"col-1580824500\" class=\"col no-padding page-content small-12 large-12\"  >\n\t\t\t\t<div class=\"col-inner\"  >\n\t\t\t\n\t\t\t\n<h2 class=\"page-title\"><span class=\"xr_tl Normaler_Text\">DIR System<\/span><\/h2>\n\t\t<\/div>\n\t\t\t\t\t<\/div>\n\n\t\n<\/div>\n<div class=\"row align-equal row-bottom-bordered\"  id=\"row-1386601585\">\n\n\t<div id=\"col-1712422164\" class=\"col small-12 large-12\"  >\n\t\t\t\t<div class=\"col-inner\"  >\n\t\t\t\n\t\t\t\n<h3>Instrumentelle Funktionsdiagnostik<\/h3>\n<p>So wichtig ist der richtige Biss!<\/p>\n<p>\u00a0<\/p>\n<p>Ein Schmerz muss seine Ursache nicht immer dort haben, wo es weh tut.<\/p>\n<p>Der Mensch ist eine Einheit. So passiert es oft, dass der Ursprung des Schmerzes ganzwoanders zu finden ist, als der Ort des Schmerzes.<\/p>\n<p>\u00a0<\/p>\n<p>Die Kaumuskulatur ist eine Funktionseinheit mit der Halswirbels\u00e4ule und den hiermitverschalteten kurzen Nackenmuskeln. Darum steht der \u201efalsche Biss\u201c im Zusammenhangmit Symptomen, die \u00fcber den Bereich des Kopfes hinausgehen. Massagen, Spritzen undSchmerzmittel bringen zwar eine gewisse Erleichterung, die eigentliche Ursache ist aberdadurch nicht geheilt.<\/p>\n<p>\u00a0<\/p>\n<p>Muskul\u00e4re Beschwerden und Schmerzen im Nacken- und Schulterbereich k\u00f6nnenAusdruck einer so genannten \u201eMyoarthropathie\u201c des Kausystems sein. TypischeBeschwerden, die mit einer solchen Myoarthropathie einhergehen sind:<\/p>\n<p>\u00a0<\/p>\n<p>\u2022 Spannungskopfschmerzen am Morgen<\/p>\n<p>\u2022 Verspannungen der Nacken- und R\u00fcckenmuskulatur<\/p>\n<p>\u2022 Schmerzen der Kiefergelenke<\/p>\n<p>\u2022 Knacken\/Reiben der Kiefergelenke<\/p>\n<p>\u2022 Funktioneller Beckenschiefstand<\/p>\n<p>\u00a0<\/p>\n<p>Auch andere Beschwerden k\u00f6nnen von einem \u201efalschen Biss\u201c herr\u00fchren. Der Trige-minusnerv versorgt nicht nur die Z\u00e4hne sondern auch das Gesicht. Eine Reizung dieserNerven kann sehr tiefgreifende und beeintr\u00e4chtigende Schmerzen verursachen. Manspricht dann von so genannten Neuralgien. Typische Beschwerdebilder sind:<\/p>\n<p>\u00a0<\/p>\n<p>\u2022 Migr\u00e4ne<\/p>\n<p>\u2022 Ohrenschmerzen oder Tinnitus<\/p>\n<p>\u2022 Schwindel<\/p>\n<p>\u00a0<\/p>\n<p>Wenn man nur ein Symptom, also die Auswirkung der St\u00f6rung bek\u00e4mpft ohne dieUrsache zu finden, so wird die Ausweitung der St\u00f6rung auf weitere Ebenen beg\u00fcnstigt.Es ist m\u00f6glich, den Biss zu diagnostizieren und wenn notwendig, einen falschen Biss zukorrigieren. Durch die interdisziplin\u00e4re Zusammenarbeit zwischen Zahnarzt, HNO Arzt,Orthop\u00e4de, Neurologe und Physiotherapeut bzw. Osteopath ist es dann m\u00f6glich, auchsehr komplexe Beschwerdebilder erfolgreich zu behandeln und therapieren.<\/p>\n<p>\u00a0<\/p>\n<p>Der Mensch wird als Einheit wieder in eine korrekte aufrechte Position gebracht.<\/p>\n\t\t<\/div>\n\t\t\t\t\t<\/div>\n\n\t\n<\/div>\n<div class=\"row align-equal\"  id=\"row-650752081\">\n\n\t<div id=\"col-826005180\" class=\"col no-padding medium-4 small-12 large-4\"  >\n\t\t\t\t<div class=\"col-inner\"  >\n\t\t\t\n\t\t\t\n<div class=\"img_and_text\">\n<p><img loading=\"lazy\" class=\"size-full wp-image-387 aligncenter\" src=\"https:\/\/www.herzog-gentzsch.de\/wp-content\/uploads\/2020\/06\/1954-1.jpg\" alt=\"\" width=\"196\" height=\"146\" \/><\/p>\n<p class=\"text\">Die DIR\u00ae Messung ist f\u00fcr denPatienten schmerzlos, schnellund ohne Strahlenbelastung<\/p>\n<\/div>\n\t\t<\/div>\n\t\t\t\t\t<\/div>\n\n\t\n\n\t<div id=\"col-1027709975\" class=\"col no-padding medium-4 small-12 large-4\"  >\n\t\t\t\t<div class=\"col-inner\"  >\n\t\t\t\n\t\t\t\n<div class=\"img_and_text\">\n<p><img loading=\"lazy\" class=\"wp-image-187 size-full aligncenter\" src=\"https:\/\/www.herzog-gentzsch.de\/wp-content\/uploads\/2020\/06\/1955.jpg\" alt=\"\" width=\"183\" height=\"91\" \/><\/p>\n<p class=\"text\">Die Gipsmodelle<br \/>(hier Seitenz\u00e4hne) einesPatienten in der gewohnten,oftmals aber un-physiologischen Position.<\/p>\n<\/div>\n\t\t<\/div>\n\t\t\t\t\t<\/div>\n\n\t\n\n\t<div id=\"col-312527550\" class=\"col no-padding medium-4 small-12 large-4\"  >\n\t\t\t\t<div class=\"col-inner\"  >\n\t\t\t\n\t\t\t\n<div class=\"img_and_text\">\n<p><img loading=\"lazy\" class=\"wp-image-188 size-full aligncenter\" src=\"https:\/\/www.herzog-gentzsch.de\/wp-content\/uploads\/2020\/06\/1956.jpg\" alt=\"\" width=\"183\" height=\"91\" \/><\/p>\n<p class=\"text\">Die DIR\u00ae Messung zeigt denneuen Biss<br \/>&#8211; der Fachzahnarzt erkl\u00e4rtdem Patienten nun dieweiterf\u00fchrende Therapie f\u00fcrseinen richtigen Biss<\/p>\n<\/div>\n\t\t<\/div>\n\t\t\t\t\t<\/div>\n\n\t\n<\/div>\n\t<div id=\"gap-614263255\" class=\"gap-element clearfix\" style=\"display:block; height:auto;\">\n\t\t\n<style>\n#gap-614263255 {\n  padding-top: 120px;\n}\n<\/style>\n\t<\/div>\n\t\n<div class=\"row align-equal\"  id=\"row-1057493902\">\n\n\t<div id=\"col-923153068\" class=\"col no-padding img_and_after small-12 large-12\"  >\n\t\t\t\t<div class=\"col-inner\"  >\n\t\t\t\n\t\t\t\n\t<div class=\"img has-hover x md-x lg-x y md-y lg-y\" id=\"image_1610252875\">\n\t\t\t\t\t\t\t\t<div class=\"img-inner dark\" >\n\t\t\t<img width=\"611\" height=\"165\" src=\"https:\/\/www.herzog-gentzsch.de\/wp-content\/uploads\/2020\/06\/1953.jpg\" class=\"attachment-large size-large\" alt=\"\" loading=\"lazy\" srcset=\"https:\/\/www.herzog-gentzsch.de\/wp-content\/uploads\/2020\/06\/1953.jpg 611w, https:\/\/www.herzog-gentzsch.de\/wp-content\/uploads\/2020\/06\/1953-300x81.jpg 300w\" sizes=\"(max-width: 611px) 100vw, 611px\" \/>\t\t\t\t\t\t\n\t\t\t\t\t<\/div>\n\t\t\t\t\t\t\t\t\n<style>\n#image_1610252875 {\n  width: 100%;\n}\n<\/style>\n\t<\/div>\n\t\n\t\t<\/div>\n\t\t\t\t\t<\/div>\n\n\t\n<\/div>\n\t\t<\/div>\n\n\t\t\n<style>\n#section_1819334568 {\n  padding-top: 30px;\n  padding-bottom: 30px;\n}\n<\/style>\n\t<\/section>\n\t\n","protected":false},"excerpt":{"rendered":"","protected":false},"author":1,"featured_media":0,"parent":0,"menu_order":0,"comment_status":"closed","ping_status":"closed","template":"page-left-sidebar.php","meta":[],"_links":{"self":[{"href":"https:\/\/www.herzog-gentzsch.de\/index.php?rest_route=\/wp\/v2\/pages\/381"}],"collection":[{"href":"https:\/\/www.herzog-gentzsch.de\/index.php?rest_route=\/wp\/v2\/pages"}],"about":[{"href":"https:\/\/www.herzog-gentzsch.de\/index.php?rest_route=\/wp\/v2\/types\/page"}],"author":[{"embeddable":true,"href":"https:\/\/www.herzog-gentzsch.de\/index.php?rest_route=\/wp\/v2\/users\/1"}],"replies":[{"embeddable":true,"href":"https:\/\/www.herzog-gentzsch.de\/index.php?rest_route=%2Fwp%2Fv2%2Fcomments&post=381"}],"version-history":[{"count":8,"href":"https:\/\/www.herzog-gentzsch.de\/index.php?rest_route=\/wp\/v2\/pages\/381\/revisions"}],"predecessor-version":[{"id":393,"href":"https:\/\/www.herzog-gentzsch.de\/index.php?rest_route=\/wp\/v2\/pages\/381\/revisions\/393"}],"wp:attachment":[{"href":"https:\/\/www.herzog-gentzsch.de\/index.php?rest_route=%2Fwp%2Fv2%2Fmedia&parent=381"}],"curies":[{"name":"wp","href":"https:\/\/api.w.org\/{rel}","templated":true}]}}