{"id":401,"date":"2020-06-22T11:51:41","date_gmt":"2020-06-22T09:51:41","guid":{"rendered":"https:\/\/www.herzog-gentzsch.de\/?page_id=401"},"modified":"2020-06-22T12:04:31","modified_gmt":"2020-06-22T10:04:31","slug":"cad_cam","status":"publish","type":"page","link":"https:\/\/www.herzog-gentzsch.de\/?page_id=401","title":{"rendered":"cad_cam"},"content":{"rendered":"\t<section class=\"section page-content\" id=\"section_1218904277\">\n\t\t<div class=\"bg section-bg fill bg-fill  bg-loaded\" >\n\n\t\t\t\n\t\t\t\n\t\t\t\n\n\t\t<\/div>\n\n\t\t<div class=\"section-content relative\">\n\t\t\t\n<div class=\"row no-padding\"  id=\"row-89129043\">\n\n\t<div id=\"col-1535678184\" class=\"col no-padding page-content small-12 large-12\"  >\n\t\t\t\t<div class=\"col-inner\"  >\n\t\t\t\n\t\t\t\n<h2 class=\"page-title\"><span class=\"xr_tl Normaler_Text\">CAD-CAM-System<\/span><\/h2>\n\t\t<\/div>\n\t\t\t\t\t<\/div>\n\n\t\n<\/div>\n<div class=\"row align-equal\"  id=\"row-689277514\">\n\n\t<div id=\"col-704206425\" class=\"col small-12 large-12\"  >\n\t\t\t\t<div class=\"col-inner\"  >\n\t\t\t\n\t\t\t\n<p>In unserem Labor werden viele Materialien durch modernste Technologien bearbeitet.CAD- CAM steht dabei als Abk\u00fcrzung f\u00fcr computer aided design-computer aidedmanufactoring (Rechnergest\u00fctzte Formgebung-Rechnergest\u00fctzte Fertigung).<\/p>\n<p>Die vom Zahnarzt abgeformte Mundsituation von Ober- und Unterkiefer wird zuerst mitSpezialgips ausgegossen. Die entstandenen Modelle k\u00f6nnen nun durch einen Scannerdigitalisiert werden und stehen somit f\u00fcr die Konstruktion am Computer, als virtuellesOriginal der vorhandenen Z\u00e4hne, zur Verf\u00fcgung.<\/p>\n<p>Ein spezielles Konstruktionsprogramm erm\u00f6glichte es nun, ganze Zahnkronen undBr\u00fccken oder auch nur die Tr\u00e4gerstruktur (Ger\u00fcste) zu gestalten.<\/p>\n<p>Anschlie\u00dfend fr\u00e4st eine Maschine diese Datens\u00e4tze aus industriell gefertigtenRohlingen heraus. Es entstehen so extrem passgenaue Kronen, Br\u00fccken oder Inlays.<\/p>\n<p>Diese werden nun manuell weiterbearbeitet und zumeist noch aufwendig mit vielFingerfertigkeit und noch mehreren Br\u00e4nden veredelt. So entstehen dann Kunstwerke,die in ihrem Aussehen von nat\u00fcrlichen Z\u00e4hnen kaum zu unterscheiden sind.<\/p>\n<p>\u00a0<\/p>\n<h2>Material<\/h2>\n<h3>Zirkondioxidkeramik (ZrO\u00b2)<\/h3>\n<p>\u2022 ist eine hochfeste Sinterkeramik<\/p>\n<p>\u2022 kann sowohl als Ger\u00fcstmaterial zur weiteren Verblendung mit Feldspatkeramik<\/p>\n<p>\u00a0 genutzt werden, als auch eine vollanatomische Gestaltung mit transluzentem ZrO\u00b2<\/p>\n<p>\u00a0 ist bei Seitenz\u00e4hnen m\u00f6glich (geringere Kosten, etwas eingeschr\u00e4nkte \u00c4sthetik)<\/p>\n<p>\u2022 ist aufgrund ihrer Zusammensetzung und ihrer sehr dichten Oberfl\u00e4che besonders<\/p>\n<p>\u00a0 vertr\u00e4glich (biokompatibel) und reaktionsfrei gegen\u00fcber menschlichem Gewebe<\/p>\n<p>\u00a0<\/p>\n<h3>Lithium- Disilikat (LS\u00b2)<\/h3>\n<p>\u2022 Die von uns genutzte Glaskeramik aus LS\u00b2 tr\u00e4gt die Bezeichnung \u201ee-max\u201c und eignet\u00a0 sich vor allem f\u00fcr Einzelkronen.<\/p>\n<p>\u2022 Durch seine Glasstruktur und den Lichttransport in der Krone wirkt es besonders\u00a0 nat\u00fcrlich.<\/p>\n<p>\u2022 Dank stetiger Weiterentwicklung durch den Hersteller Ivoclar sind inzwischen auch\u00a0 kleine Br\u00fccken im Frontzahngebiet m\u00f6glich.<\/p>\n<p>\u00a0<\/p>\n<h3>Feldspatkeramik<\/h3>\n<p>\u2022 Diese nat\u00fcrlich wirkende Dentalkeramik steht auch f\u00fcr die CAD- CAM- Fertigung zur\u00a0 Verf\u00fcgung und hat sich bereits millionenfach bew\u00e4hrt.<\/p>\n<p>\u2022 Durch ihre geringere Festigkeit werden aber nur Frontzahnkronen und Inlays daraus\u00a0 gefertigt.<\/p>\n<p>\u2022 Zur Verblendung der Zirkondioxidger\u00fcste und Glaskeramik wird sie manuell\u00a0 aufgetragen, gebrannt und verleiht den Kronen ihr nat\u00fcrliches Aussehen.<\/p>\n<h3>\u00a0<\/h3>\n<h3>Hybridkeramik<\/h3>\n<p>\u2022 Das neue Material \u201eEnamic\u201c der Firma Vita ist eine Keramik mit einer speziellen\u00a0 Kunststoffmatrix zur Stabilisierung.<\/p>\n<p>\u2022 Durch diese Matrix ist die Keramik besonders \u201eelastisch\u201c und kann sowohl\u00a0 bei hauchd\u00fcnne Zahnerg\u00e4nzungen (Chips), wie auch bei Implantatkronen ihre\u00a0 St\u00e4rke vorweisen.<\/p>\n\t\t<\/div>\n\t\t\t\t\t<\/div>\n\n\t\n<\/div>\n\t\t<\/div>\n\n\t\t\n<style>\n#section_1218904277 {\n  padding-top: 30px;\n  padding-bottom: 30px;\n}\n<\/style>\n\t<\/section>\n\t\n","protected":false},"excerpt":{"rendered":"","protected":false},"author":1,"featured_media":0,"parent":0,"menu_order":0,"comment_status":"closed","ping_status":"closed","template":"page-left-sidebar.php","meta":[],"_links":{"self":[{"href":"https:\/\/www.herzog-gentzsch.de\/index.php?rest_route=\/wp\/v2\/pages\/401"}],"collection":[{"href":"https:\/\/www.herzog-gentzsch.de\/index.php?rest_route=\/wp\/v2\/pages"}],"about":[{"href":"https:\/\/www.herzog-gentzsch.de\/index.php?rest_route=\/wp\/v2\/types\/page"}],"author":[{"embeddable":true,"href":"https:\/\/www.herzog-gentzsch.de\/index.php?rest_route=\/wp\/v2\/users\/1"}],"replies":[{"embeddable":true,"href":"https:\/\/www.herzog-gentzsch.de\/index.php?rest_route=%2Fwp%2Fv2%2Fcomments&post=401"}],"version-history":[{"count":5,"href":"https:\/\/www.herzog-gentzsch.de\/index.php?rest_route=\/wp\/v2\/pages\/401\/revisions"}],"predecessor-version":[{"id":408,"href":"https:\/\/www.herzog-gentzsch.de\/index.php?rest_route=\/wp\/v2\/pages\/401\/revisions\/408"}],"wp:attachment":[{"href":"https:\/\/www.herzog-gentzsch.de\/index.php?rest_route=%2Fwp%2Fv2%2Fmedia&parent=401"}],"curies":[{"name":"wp","href":"https:\/\/api.w.org\/{rel}","templated":true}]}}